{"id":954,"date":"2021-03-22T12:07:18","date_gmt":"2021-03-22T12:07:18","guid":{"rendered":"https:\/\/stage.startertemplatecloud.com\/g08\/?page_id=954"},"modified":"2026-04-06T10:04:00","modified_gmt":"2026-04-06T08:04:00","slug":"contact","status":"publish","type":"page","link":"https:\/\/krbp.pl\/","title":{"rendered":"Strona w budowie"},"content":{"rendered":"\n<div style=\"max-width: 1000px; margin: 0 auto; padding: 20px 20px; font-family: sans-serif;\">\n\n  <!-- LOGO -->\n  <div style=\"text-align: center; margin-bottom: 10px;\">\n    <img decoding=\"async\" src=\"https:\/\/krbp.pl\/wp-content\/uploads\/2025\/04\/krbp.webp\" alt=\"KRBP logo\" style=\"max-width: 180px; height: auto;\">\n  <\/div>\n\n  <!-- 2 KOLUMNY -->\n  <div style=\"display: flex; flex-wrap: wrap; align-items: center; gap: 40px;\">\n\n    <!-- LEWA KOLUMNA -->\n    <div style=\"flex: 1; min-width: 280px;\">\n      <h2 style=\"color:#998553;\">Strona w budowie<\/h2>\n\n      <p>\n        Pracujemy nad now\u0105 stron\u0105 internetow\u0105 Klubu Rozwoju Biznesu Premium.\n        Ju\u017c wkr\u00f3tce znajdziesz tutaj wszystkie informacje o naszych spotkaniach,\n        wydarzeniach i mo\u017cliwo\u015bciach wsp\u00f3\u0142pracy.\n      <\/p>\n\n      <p>Tymczasem zapraszamy do naszych medi\u00f3w spo\u0142eczno\u015bciowych:<\/p>\n\n      <!-- SOCIAL MEDIA -->\n      <div style=\"display: flex; gap: 15px; margin-top: 15px;\">\n        <a href=\"https:\/\/www.linkedin.com\/company\/klub-rozwoju-biznesu\" target=\"_blank\">LinkedIn<\/a>\n        <a href=\"https:\/\/www.facebook.com\/KRBPL\" target=\"_blank\">Facebook<\/a>\n        <a href=\"https:\/\/www.instagram.com\/krb_polska\" target=\"_blank\">Instagram<\/a>\n      <\/div>\n    <\/div>\n\n    <!-- PRAWA KOLUMNA -->\n    <div style=\"flex: 1; min-width: 280px; text-align: center;\">\n      <img decoding=\"async\" src=\"https:\/\/krbp.pl\/wp-content\/uploads\/2025\/04\/budowa-strony-763x1024.webp\" \n           alt=\"Strona w budowie\" \n           style=\"max-width: 100%; height: auto;\">\n    <\/div>\n\n  <\/div>\n<\/div>\n\n\n","protected":false},"excerpt":{"rendered":"<p>Strona w budowie Pracujemy nad now\u0105 stron\u0105 internetow\u0105 Klubu Rozwoju Biznesu Premium. Ju\u017c wkr\u00f3tce znajdziesz tutaj wszystkie informacje o naszych spotkaniach, wydarzeniach i mo\u017cliwo\u015bciach wsp\u00f3\u0142pracy. Tymczasem zapraszamy do naszych medi\u00f3w spo\u0142eczno\u015bciowych: LinkedIn Facebook Instagram<\/p>\n","protected":false},"author":1,"featured_media":0,"parent":0,"menu_order":0,"comment_status":"closed","ping_status":"closed","template":"","meta":{"_kadence_starter_templates_imported_post":true,"_kad_post_transparent":"default","_kad_post_title":"hide","_kad_post_layout":"narrow","_kad_post_sidebar_id":"","_kad_post_content_style":"unboxed","_kad_post_vertical_padding":"hide","_kad_post_feature":"hide","_kad_post_feature_position":"","_kad_post_header":false,"_kad_post_footer":false,"_kad_post_classname":"","footnotes":""},"class_list":["post-954","page","type-page","status-publish","hentry"],"_links":{"self":[{"href":"https:\/\/krbp.pl\/index.php?rest_route=\/wp\/v2\/pages\/954","targetHints":{"allow":["GET"]}}],"collection":[{"href":"https:\/\/krbp.pl\/index.php?rest_route=\/wp\/v2\/pages"}],"about":[{"href":"https:\/\/krbp.pl\/index.php?rest_route=\/wp\/v2\/types\/page"}],"author":[{"embeddable":true,"href":"https:\/\/krbp.pl\/index.php?rest_route=\/wp\/v2\/users\/1"}],"replies":[{"embeddable":true,"href":"https:\/\/krbp.pl\/index.php?rest_route=%2Fwp%2Fv2%2Fcomments&post=954"}],"version-history":[{"count":46,"href":"https:\/\/krbp.pl\/index.php?rest_route=\/wp\/v2\/pages\/954\/revisions"}],"predecessor-version":[{"id":1089,"href":"https:\/\/krbp.pl\/index.php?rest_route=\/wp\/v2\/pages\/954\/revisions\/1089"}],"wp:attachment":[{"href":"https:\/\/krbp.pl\/index.php?rest_route=%2Fwp%2Fv2%2Fmedia&parent=954"}],"curies":[{"name":"wp","href":"https:\/\/api.w.org\/{rel}","templated":true}]}}